{"id":25884,"date":"2017-01-03T08:37:57","date_gmt":"2017-01-03T07:37:57","guid":{"rendered":"https:\/\/www.visitsamsoe.dk\/en\/?page_id=25884"},"modified":"2026-01-23T11:47:32","modified_gmt":"2026-01-23T10:47:32","slug":"selected-events","status":"publish","type":"page","link":"https:\/\/www.visitsamsoe.dk\/en\/selected-events\/","title":{"rendered":"Selected events on Sams\u00f8"},"content":{"rendered":"<div class=\"entry_content clear\">\n<p>2\u20133 April<br \/>\n<b>V\u00e6rk &amp; Virke<br \/>\n<\/b>Visit Sams\u00f8&#8217;s talented artists and craftspeople and experience what&#8217;s happening on the Sams\u00f8 art scene, which offers painting, textile art, graphic art, ceramics, photographic art, sculpture, land art and much more.<br \/>\n<a href=\"https:\/\/www.visitsamsoe.dk\/vv\/\">www.visitsamsoe.dk\/vv<\/a><\/p>\n<p>Spring and summer<br \/>\n<strong>Kanhavekanalen 1300 years<br \/>\n<\/strong>Kanhavekanalen is celebrating its 1300th anniversary with a series of events and lectures. Keep an eye on the Sams\u00f8 Museum website and the VisitSams\u00f8 events calendar.<br \/>\n<a href=\"https:\/\/www.samsoemuseum.dk\/\">www.samsoemuseum.dk<\/a><\/p>\n<p>8\u201310 May<br \/>\n<strong>Sams\u00f8 Cup<br \/>\n<\/strong>Sams\u00f8 offers superb sea trout fishing, and with a coastline of approximately 120 kilometres of beautiful and fish-rich stretches, there is room for plenty of participants. With everything from fjords to magnificent open coasts around the entire island, it is never difficult to find a sheltered spot. There are great prizes for the winners.<br \/>\n<a href=\"http:\/\/www.samsoe-sff.dk\/\">www.samsoe-sff.dk<\/a><\/p>\n<p>15 May<br \/>\n<strong>Open by Night in Tranebjerg<br \/>\n<\/strong>The shops in the island&#8217;s capital, Tranebjerg, will be open late. There will be lots of extra-special offers, as well as music and festivities.<br \/>\nFacebook: <a href=\"https:\/\/www.facebook.com\/samsoturistoghandel\">@Sams\u00f8turist-oghandelsstandsforening<\/a><\/p>\n<p>24 May<br \/>\n<strong>PEACE PLEASE.NU \u2013 A peace event in Brundby<br \/>\n<\/strong>Well-known Danish musicians and artists will gather in Brundby for Sams\u00f8&#8217;s first peace day. Experience a surprise concert at Brundby Rockhotel, art in the village, an art auction, a market and island community under the theme PEACEPLEASE.NU! A meaningful Pentecost celebration of hope, peace and art \u2013 to the delight of the heart, the mind and the world. The proceeds will go to children in war-torn areas through Save the Children.<br \/>\n<a href=\"https:\/\/www.peaceplease.nu\/\">www.peaceplease.nu<\/a><\/p>\n<p>31 May<br \/>\n<strong>Summer in the City (Sommer i By)<br \/>\n<\/strong>Every year, always on the Sunday after Pentecost, Summer in the City takes place. Beautifully decorated horses and riders ride through Nordby with banners and fauns. The riders are followed by a procession of horse-drawn carriages and costumed passengers. To mark the procession, there is a party and communal meal, music and fun in Nordby.<br \/>\n<a href=\"http:\/\/www.nordbysamso.dk\/\">www.nordbysamso.dk<\/a><\/p>\n<p>3\u20135 June<br \/>\n<strong>Sams\u00f8 Festival Pro-Am by United Tickets<br \/>\n<\/strong>See some of Scandinavia&#8217;s best golfers when the Ecco Tour comes to Sams\u00f8. Walk around the beautiful golf course and see what these talented golfers can do. It&#8217;s a great experience \u2013 and completely free.<br \/>\n<a href=\"https:\/\/samsoegolfklub.dk\/\">www.samsoegolfklub.dk<\/a><\/p>\n<p>7 June<br \/>\n<strong>Sams\u00f8&#8217;s best potato sandwich<br \/>\n<\/strong>A number of the island&#8217;s restaurants are competing to make \u2018Sams\u00f8&#8217;s best potato sandwich\u2019. The audience can build their own potato sandwiches and have a nice chat with their neighbours. The judging panel consists of big names from the Danish food and restaurant industry.<br \/>\n<a href=\"https:\/\/www.kartoffelmad.dk\/\">www.kartoffelmad.dk<\/a><\/p>\n<p>13\u201314 June<br \/>\n<strong>Sams\u00f8 R\u00e5varefestival<br \/>\n<\/strong>Join in celebrating Sams\u00f8&#8217;s delicious specialities and raw ingredients with tastings, entertainment, market stalls, activities for the whole family and much more. On Saturday evening, there will be a big party and the Sams\u00f8 Tug-of-War Championships.<br \/>\n<a href=\"http:\/\/www.samsoraavarefestival.dk\/\">www.samsoraavarefestival.dk<\/a><\/p>\n<p>21 June<br \/>\n<strong>Danish Mill Day<br \/>\n<\/strong>Danish Mill Day raises awareness of the country&#8217;s old windmills in order to increase understanding of the preservation of this part of our cultural heritage. On Sams\u00f8, you can visit Brundby Stubm\u00f8lle and Kolby M\u00f8lle, which have a wonderful and festive programme for the occasion.<br \/>\n<a href=\"https:\/\/www.danskmolledag.dk\/\">www.danskmolledag.dk<\/a><\/p>\n<p>Weeks 26-34<br \/>\n<strong>Stauns Sommersal<br \/>\n<\/strong>Lectures and debates on topics large and small. Takes place in beautiful surroundings, where the island is narrow, with a stable garden and high ceilings. This year&#8217;s theme is serenity. See the programme on the website.<br \/>\n<a href=\"https:\/\/www.sommersal.dk\/\">www.sommersal.dk<\/a><\/p>\n<p>30 June \u2013 2 July<br \/>\n<strong>Sams\u00f8 Children&#8217;s Culture Festival<br \/>\n<\/strong>Children and families with children can enjoy and immerse themselves in music, entertainment, theatre, dance, literature, gymnastics, rhythm, play and movement in pleasant surroundings over several days.<br \/>\nFacebook: <a href=\"http:\/\/samsoboernekulturfestival\/\">@samsoboernekulturfestival<\/a><\/p>\n<p>7\u20139 July<br \/>\n<strong>Viking gathering at Sams\u00f8 Museum<br \/>\n<\/strong>Combat training, Viking games, demonstrations of crafts and handicrafts. You can enjoy campfire food and mead and make your own flatbread.<br \/>\n<a href=\"https:\/\/www.samsoemuseum.dk\/\">www.samsoemuseum.dk<\/a><\/p>\n<p>Weeks 28-32<br \/>\n<b>Sams\u00f8 Rockhotel garden concerts<br \/>\n<\/b>The programme will be published regularly on Rockhotellet&#8217;s Facebook page and website.<br \/>\n<a href=\"http:\/\/www.brundby-hotel.dk\/\">www.brundby-hotel.dk<\/a><\/p>\n<p>4 July<br \/>\n<strong>Sams\u00f8 SUP Race<br \/>\n<\/strong>A fun race and a pro race, where regardless of discipline, it&#8217;s all about going full throttle on the water and having fun, enjoying yourself and trying your hand at water sports.<br \/>\n<a href=\"https:\/\/samsurf.dk\/\">www.samsurf.dk<\/a><\/p>\n<p>11 July<br \/>\n<strong>Sams\u00f8 Tractor Pull<br \/>\n<\/strong>If you like roaring machines, horsepower galore, smoke and noise, then Sams\u00f8 Tractor Pull is for you. Participants come from both Sams\u00f8 and the rest of the country, and there are several classes, ranging from monster machines weighing several tonnes to garden tractors. A fun day out for the whole family.<br \/>\n<a href=\"https:\/\/www.facebook.com\/groups\/33084314137\/?fref=ts\">www.samsoelu.com<\/a><\/p>\n<p>12 July<br \/>\n<strong>Farmers&#8217; market<br \/>\n<\/strong>Come to a cosy, old-fashioned market with sustainable, organic and local produce and delicious lunch dishes.<br \/>\n<a href=\"https:\/\/oekologisksamsoe.dk\/\">www.oekologisksamsoe.dk<\/a><\/p>\n<p>15\u201318 July<br \/>\n<strong>Sams\u00f8 Festival<br \/>\n<\/strong>The sunny island of Sams\u00f8 reaches boiling point when Denmark&#8217;s cosiest festival kicks off in week 29. 6,000 happy guests gather for four days of great music, cold draught beer and partying with new and old friends. You can look forward to Zar Paolo, Benjamin Hav &amp; Familien, Andreas Odbjerg, Ulige Numre, Katinka, Pil, Queen Machine, Hugorm, S\u00f8m\u00e6ndene and many more.<br \/>\n<a href=\"http:\/\/www.samfest.dk\/\">www.samfest.dk<\/a><\/p>\n<p>20\u201324 July<br \/>\n<strong>Opera In Unlikely Places 2.0 \u2013 &#8220;The isle is full of noises \u2013 and magic!<br \/>\n<\/strong>S\u00d8HOLM floods the island with magical opera experiences for children and adults! Featuring national and international opera singers.<br \/>\n<a href=\"http:\/\/www.soeholmopera.com\/\">www.soeholmopera.com<\/a><\/p>\n<p>1\u20132 August<br \/>\n<b>Sams\u00f8 Vintage Tractor Meet<br \/>\n<\/b>Exhibition of vintage tractors, machinery, cars, motorcycles and mopeds. Various harvest activities will take place during the meet.<\/p>\n<p>14\u201315 August<br \/>\n<strong>Salad Days Festival<br \/>\n<\/strong>Every other year, the Terraform association holds the SALAD DAYS FESTIVAL \u2013 two days filled with experimental music, improvisation, sound art and DJ culture in and around Sambiosen.<br \/>\n<a href=\"https:\/\/www.terraformisland.dk\/\">www.terraformisland.dk<\/a><\/p>\n<p>16 August<br \/>\n<strong>Farmers&#8217; Market<br \/>\n<\/strong>Come to a cosy, old-fashioned market with sustainable, organic and local produce and delicious lunch dishes.<br \/>\n<a href=\"https:\/\/oekologisksamsoe.dk\/\">www.oekologisksamsoe.dk<\/a><\/p>\n<p>4\u20136 September<br \/>\n<strong>Between Heaven and Earth<br \/>\n<\/strong>Church culture festival. Films, theatre, lectures, community singing, concerts, meditation, children&#8217;s church club, literature circle, high mass. Free admission.<br \/>\n<a href=\"https:\/\/www.samsopastorat.dk\/\">www.samsopastorat.dk<\/a><\/p>\n<p>11\u201313 September<br \/>\n<strong>Sams\u00f8 Open darts tournament<br \/>\n<\/strong>Denmark&#8217;s largest club-organised darts tournament with plenty of excitement for both participants and spectators.<br \/>\n<a href=\"http:\/\/samsodartclub1.123hjemmeside.dk\/\">www.samsodartclub.dk<\/a><\/p>\n<p>10\u201311 October<br \/>\n<strong>Sams\u00f8 goes to the dogs<br \/>\n<\/strong>A whole weekend with man&#8217;s best friend in the leading role. The programme includes a rally obedience competition and, last but not least, the crowning of Sams\u00f8&#8217;s cutest dog. All two-legged friends have free admission to Sams\u00f8 Sports Hall, and you don&#8217;t need to have a dog to come and watch.<\/p>\n<p>14 October<br \/>\n<strong>Halloween run in the Sams\u00f8 Maze<br \/>\n<\/strong>During the autumn holidays, the gates open to night-time adventures in the world&#8217;s largest maze. A very special experience awaits the brave, as they must find their way to the goal in complete darkness. Are you up for the challenge?<br \/>\n<a href=\"http:\/\/samsolabyrinten.com\/\">www.samsolabyrinten.com<\/a><\/p>\n<p>15 October<br \/>\n<strong>Big Pumpkin Day<br \/>\n<\/strong>On Big Pumpkin Day, children and their adults can have fun, carve pumpkins and take home their very own pumpkin men.<\/p>\n<p>6\u20137 November<br \/>\n<strong>Light in the Darkness<br \/>\n<\/strong>Sams\u00f8 celebrates the unique night-time darkness with two eventful days of exciting cultural and culinary experiences.<br \/>\n<a href=\"http:\/\/www.visitsamsoe.dk\/lys\">www.visitsamsoe.dk\/lys<\/a><\/p>\n<\/div>\n","protected":false},"excerpt":{"rendered":"<p>2\u20133 April V\u00e6rk &amp; Virke Visit Sams\u00f8&#8217;s talented artists and craftspeople and experience what&#8217;s happening on the Sams\u00f8 art scene, which offers painting, textile art, graphic art, ceramics, photographic art, sculpture, land art and much more. www.visitsamsoe.dk\/vv Spring and summer Kanhavekanalen 1300 years Kanhavekanalen is celebrating its 1300th anniversary with a series of events and [&hellip;]<\/p>\n","protected":false},"author":2,"featured_media":57628,"parent":0,"menu_order":0,"comment_status":"closed","ping_status":"closed","template":"","meta":{"footnotes":""},"class_list":["post-25884","page","type-page","status-publish","has-post-thumbnail","hentry"],"_links":{"self":[{"href":"https:\/\/www.visitsamsoe.dk\/en\/wp-json\/wp\/v2\/pages\/25884","targetHints":{"allow":["GET"]}}],"collection":[{"href":"https:\/\/www.visitsamsoe.dk\/en\/wp-json\/wp\/v2\/pages"}],"about":[{"href":"https:\/\/www.visitsamsoe.dk\/en\/wp-json\/wp\/v2\/types\/page"}],"author":[{"embeddable":true,"href":"https:\/\/www.visitsamsoe.dk\/en\/wp-json\/wp\/v2\/users\/2"}],"replies":[{"embeddable":true,"href":"https:\/\/www.visitsamsoe.dk\/en\/wp-json\/wp\/v2\/comments?post=25884"}],"version-history":[{"count":66,"href":"https:\/\/www.visitsamsoe.dk\/en\/wp-json\/wp\/v2\/pages\/25884\/revisions"}],"predecessor-version":[{"id":57841,"href":"https:\/\/www.visitsamsoe.dk\/en\/wp-json\/wp\/v2\/pages\/25884\/revisions\/57841"}],"wp:featuredmedia":[{"embeddable":true,"href":"https:\/\/www.visitsamsoe.dk\/en\/wp-json\/wp\/v2\/media\/57628"}],"wp:attachment":[{"href":"https:\/\/www.visitsamsoe.dk\/en\/wp-json\/wp\/v2\/media?parent=25884"}],"curies":[{"name":"wp","href":"https:\/\/api.w.org\/{rel}","templated":true}]}}