{"id":11436,"date":"2015-04-21T13:30:03","date_gmt":"2015-04-21T11:30:03","guid":{"rendered":"https:\/\/www.visitsamsoe.dk\/?page_id=11436"},"modified":"2020-08-17T12:57:42","modified_gmt":"2020-08-17T10:57:42","slug":"transport","status":"publish","type":"page","link":"https:\/\/www.visitsamsoe.dk\/en\/transport\/","title":{"rendered":"Transport to and on Sams\u00f8"},"content":{"rendered":"<div class=\"entry_content clear\">\n<p><em>The quiet motion on the water, the friendly nod to someone else, a cold beer on the sun deck and a look to the Sams\u00f8, coming nearer and nearer &#8211;\u00a0It is on the ferry, your holiday begins. <\/em><\/p>\n<p><strong>Out of everyday life \u2013 on board the ferry<\/strong><br \/>\nWhen you drive or walk aboard one of the ferries to the Sams\u00f8, you automatically let go of everyday speed and turmoil. The trip is exactly so long that you can manage to forget jobs, bills and window washing and look forward to what you are approaching. If you can drag the kids from the playroom, then take them up on the sun deck with binoculars. Before you know it, you are on Sams\u00f8.<\/p>\n<p><strong>Welcome to Sams\u00f8<\/strong><br \/>\nOn Sams\u00f8 each kilometer is short, and the distance from north to south is only 28 kilometers. But the space is well used and there are lots of exciting roads you can move about on, whether you are in car, on bicycle or walking. When you leave the ferry terminal, Sams\u00f8 spreads it\u2019s roads\u00a0in to\u00a0an idyllic web of winding country roads, which binds the 22 villages together. The short distances between each attraction makes Sams\u00f8 an excellent cycling destination, and the few places where the bike can not come, is better experienced by foot anyway.<\/p>\n<p><strong>Sams\u00f8 by car<\/strong><br \/>\nThe main road on Sams\u00f8 stretches from\u00a0Nordby in the north to Kolby K\u00e5s in south, and will take you through\u00a0the villages M\u00e5rup, Onsbjerg and Tranebjerg. Everywhere on the island, it is recommended to be careful with the speed. The animals are not aware of the traffic rules and are therefore often hit by cars. At the Visitor Center in Tranebjerg, VisitSams\u00f8, you can get a map of Sams\u00f8 with a separate city map of Nordby and Tranebjerg. You can also find the map of Sams\u00f8 <a title=\"map_UK\" href=\"https:\/\/www.visitsamsoe.dk\/wp-content\/uploads\/2012\/cykelkort-web.pdf\" target=\"_blank\" rel=\"noopener noreferrer\">here<\/a>.<\/p>\n<\/div>\n","protected":false},"excerpt":{"rendered":"<p>The quiet motion on the water, the friendly nod to someone else, a cold beer on the sun deck and a look to the Sams\u00f8, coming nearer and nearer &#8211;\u00a0It is on the ferry, your holiday begins. Out of everyday life \u2013 on board the ferry When you drive or walk aboard one of the [&hellip;]<\/p>\n","protected":false},"author":3,"featured_media":35682,"parent":0,"menu_order":0,"comment_status":"open","ping_status":"open","template":"page-templates\/transport.php","meta":{"footnotes":""},"class_list":["post-11436","page","type-page","status-publish","has-post-thumbnail","hentry"],"_links":{"self":[{"href":"https:\/\/www.visitsamsoe.dk\/en\/wp-json\/wp\/v2\/pages\/11436","targetHints":{"allow":["GET"]}}],"collection":[{"href":"https:\/\/www.visitsamsoe.dk\/en\/wp-json\/wp\/v2\/pages"}],"about":[{"href":"https:\/\/www.visitsamsoe.dk\/en\/wp-json\/wp\/v2\/types\/page"}],"author":[{"embeddable":true,"href":"https:\/\/www.visitsamsoe.dk\/en\/wp-json\/wp\/v2\/users\/3"}],"replies":[{"embeddable":true,"href":"https:\/\/www.visitsamsoe.dk\/en\/wp-json\/wp\/v2\/comments?post=11436"}],"version-history":[{"count":3,"href":"https:\/\/www.visitsamsoe.dk\/en\/wp-json\/wp\/v2\/pages\/11436\/revisions"}],"predecessor-version":[{"id":38344,"href":"https:\/\/www.visitsamsoe.dk\/en\/wp-json\/wp\/v2\/pages\/11436\/revisions\/38344"}],"wp:featuredmedia":[{"embeddable":true,"href":"https:\/\/www.visitsamsoe.dk\/en\/wp-json\/wp\/v2\/media\/35682"}],"wp:attachment":[{"href":"https:\/\/www.visitsamsoe.dk\/en\/wp-json\/wp\/v2\/media?parent=11436"}],"curies":[{"name":"wp","href":"https:\/\/api.w.org\/{rel}","templated":true}]}}