{"id":58035,"date":"2026-03-18T09:46:34","date_gmt":"2026-03-18T08:46:34","guid":{"rendered":"https:\/\/www.visitsamsoe.dk\/?page_id=58035"},"modified":"2026-03-18T09:46:34","modified_gmt":"2026-03-18T08:46:34","slug":"samsoesschatzen","status":"publish","type":"page","link":"https:\/\/www.visitsamsoe.dk\/de\/schnitzeljagd\/samsoesschatzen\/","title":{"rendered":"Auf der Suche nach Sams\u00f8s Sch\u00e4tzen"},"content":{"rendered":"<div class=\"entry_content clear\">\n<p>Sams\u00f8 ligger midt i Danmark \u2013 omspundet af havet og indhyllet i hemmeligheder. Lige siden de tidligste tider er \u00f8en forbundet med guder og vikinger, myter og mirakler, kongeborge og overnaturlige v\u00e6sener, og her fort\u00e6lles mange historier og sagn om utrolige skabninger og fantastiske begivenheder.<\/p>\n<p>I tidens l\u00f8b er utallige skatte blevet begravet rundt om p\u00e5 Sams\u00f8 \u2013 og de fleste er aldrig blevet fundet igen. Med skattejagten &#8218;P\u00e5 jagt efter Sams\u00f8s skatte&#8216; kommer I rundt til nogle af de steder, hvor der if\u00f8lge \u00f8ens sagn og myter ligger skatte gemt \u2013 m\u00e5ske ligger de der endnu! Det kan godt v\u00e6re, at I ikke finder skattene, men hvis I finder de ni steder og l\u00f8ser opgaverne, har I i hvert fald fortjent en medalje.<\/p>\n<h3>S\u00e5dan g\u00f8r du:<\/h3>\n<p>For at deltage i skattejagten, skal I k\u00f8be et skattejagtsh\u00e6fte, som f\u00f8rer jer rundt til ni steder p\u00e5 \u00f8en. H\u00e6ftet koster 25. kr. (inkl. medaljen, som udleveres, n\u00e5r skattejagten er gennemf\u00f8rt.) \u00c9t h\u00e6fte udl\u00f8ser \u00e9n medalje.<\/p>\n<p>Ved hvert sted skal I l\u00f8se en opgave, som er beskrevet i h\u00e6ftet, for at samle bogstaver til et kodeord. N\u00e5r I har l\u00f8st alle opgaverne og fundet kodeordet, har I gennemf\u00f8rt skattejagten og fortjener en medalje.<\/p>\n<p><span>Skattejagten kan b\u00e5de udg\u00f8re en heldagsaktivitet, eller I kan fordele posterne over flere dages ferie og lade de ni poster v\u00e6re omdrejningspunkt for jeres udflugter p\u00e5 Sams\u00f8.<\/span><\/p>\n<h3>K\u00f8b skattejagten her<\/h3>\n<p>I kan k\u00f8be h\u00e6ftet til skattejagten og f\u00e5 udleveret medaljen flere steder p\u00e5 Sams\u00f8:<\/p>\n<ul>\n<li><strong><a href=\"https:\/\/www.visitsamsoe.dk\/de\/inspiration\/touristeninformation\/\">VisitSams\u00f8<\/a><\/strong><br \/>\nAnton Rosens Plads 3<br \/>\nTranebjerg<\/li>\n<li><strong><a href=\"https:\/\/www.visitsamsoe.dk\/de\/oplevelser\/samsoe-museum\/\">Sams\u00f8 Museum<\/a><\/strong><br \/>\n<span>Museumsvej 5<\/span><br \/>\nTranebjerg<\/li>\n<li><strong><a href=\"https:\/\/www.visitsamsoe.dk\/de\/overnatning\/stay-by-stage\/\" target=\"_blank\" rel=\"noopener\">Nordby Kro<\/a><\/strong><br \/>\n<span>Nordby Hovedgade 8<\/span><br \/>\nNordby<\/li>\n<\/ul>\n<p>Skattejagten kan ogs\u00e5 <strong><a href=\"https:\/\/shop.visitsamsoe.dk\/shop\/skattejagter\/\" target=\"_blank\" rel=\"noopener\">k\u00f8bes i vores webshop<\/a><\/strong>. Medaljen afhentes p\u00e5 \u00e9t af ovenst\u00e5ende udleveringssteder, n\u00e5r skattejagten er gennemf\u00f8rt.<\/p>\n<p>Rigtig god forn\u00f8jelse.<\/p>\n<p>K\u00e6rlig hilsen<br \/>\n<a href=\"https:\/\/www.visitsamsoe.dk\/wp-content\/uploads\/2022\/05\/Visit-Samsoe-Nyt-logo-2015-sort-uden-web.png\"><img decoding=\"async\" src=\"https:\/\/www.visitsamsoe.dk\/wp-content\/uploads\/2022\/05\/Visit-Samsoe-Nyt-logo-2015-sort-uden-web-300x117.png\" alt=\"\" width=\"152\" height=\"59\" class=\"alignnone wp-image-46625\" srcset=\"https:\/\/www.visitsamsoe.dk\/wp-content\/uploads\/2022\/05\/Visit-Samsoe-Nyt-logo-2015-sort-uden-web-300x117.png 300w, https:\/\/www.visitsamsoe.dk\/wp-content\/uploads\/2022\/05\/Visit-Samsoe-Nyt-logo-2015-sort-uden-web-1024x398.png 1024w, https:\/\/www.visitsamsoe.dk\/wp-content\/uploads\/2022\/05\/Visit-Samsoe-Nyt-logo-2015-sort-uden-web-768x299.png 768w, https:\/\/www.visitsamsoe.dk\/wp-content\/uploads\/2022\/05\/Visit-Samsoe-Nyt-logo-2015-sort-uden-web-1536x597.png 1536w, https:\/\/www.visitsamsoe.dk\/wp-content\/uploads\/2022\/05\/Visit-Samsoe-Nyt-logo-2015-sort-uden-web-2048x796.png 2048w, https:\/\/www.visitsamsoe.dk\/wp-content\/uploads\/2022\/05\/Visit-Samsoe-Nyt-logo-2015-sort-uden-web-260x101.png 260w, https:\/\/www.visitsamsoe.dk\/wp-content\/uploads\/2022\/05\/Visit-Samsoe-Nyt-logo-2015-sort-uden-web-520x202.png 520w, https:\/\/www.visitsamsoe.dk\/wp-content\/uploads\/2022\/05\/Visit-Samsoe-Nyt-logo-2015-sort-uden-web-600x233.png 600w, https:\/\/www.visitsamsoe.dk\/wp-content\/uploads\/2022\/05\/Visit-Samsoe-Nyt-logo-2015-sort-uden-web-200x78.png 200w, https:\/\/www.visitsamsoe.dk\/wp-content\/uploads\/2022\/05\/Visit-Samsoe-Nyt-logo-2015-sort-uden-web-400x156.png 400w\" sizes=\"(max-width: 152px) 100vw, 152px\" \/><\/a><\/p>\n<p><em>Del gerne jeres billeder fra skattejagten p\u00e5 sociale medier med #visitsams\u00f8<\/em><\/p>\n<p><a href=\"https:\/\/www.visitsamsoe.dk\/wp-content\/uploads\/2025\/09\/Kolby_Eva-Vestergaard-Andersen_beskaaret-scaled.jpg\"><img decoding=\"async\" src=\"https:\/\/www.visitsamsoe.dk\/wp-content\/uploads\/2025\/09\/Kolby_Eva-Vestergaard-Andersen_beskaaret-300x211.jpg\" alt=\"\" width=\"300\" height=\"211\" class=\"alignnone wp-image-57218 size-medium\" srcset=\"https:\/\/www.visitsamsoe.dk\/wp-content\/uploads\/2025\/09\/Kolby_Eva-Vestergaard-Andersen_beskaaret-300x211.jpg 300w, https:\/\/www.visitsamsoe.dk\/wp-content\/uploads\/2025\/09\/Kolby_Eva-Vestergaard-Andersen_beskaaret-600x422.jpg 600w\" sizes=\"(max-width: 300px) 100vw, 300px\" \/> \u00a0<\/a><a href=\"https:\/\/www.visitsamsoe.dk\/wp-content\/uploads\/2025\/09\/Tanderup_Eva-Vestergaard-Andersen_beskaaret-scaled.jpg\"><img decoding=\"async\" src=\"https:\/\/www.visitsamsoe.dk\/wp-content\/uploads\/2025\/09\/Tanderup_Eva-Vestergaard-Andersen_beskaaret-300x209.jpg\" alt=\"\" width=\"300\" height=\"209\" class=\"alignnone wp-image-57221 size-medium\" srcset=\"https:\/\/www.visitsamsoe.dk\/wp-content\/uploads\/2025\/09\/Tanderup_Eva-Vestergaard-Andersen_beskaaret-300x209.jpg 300w, https:\/\/www.visitsamsoe.dk\/wp-content\/uploads\/2025\/09\/Tanderup_Eva-Vestergaard-Andersen_beskaaret-600x419.jpg 600w\" sizes=\"(max-width: 300px) 100vw, 300px\" \/><\/a> \u00a0<a href=\"https:\/\/www.visitsamsoe.dk\/wp-content\/uploads\/2025\/09\/Vesborg-Fyr_Eva-Vestergaard-Andersen_beskaaret-scaled.jpg\"><img decoding=\"async\" src=\"https:\/\/www.visitsamsoe.dk\/wp-content\/uploads\/2025\/09\/Vesborg-Fyr_Eva-Vestergaard-Andersen_beskaaret-300x211.jpg\" alt=\"\" width=\"300\" height=\"211\" class=\"alignnone wp-image-57224 size-medium\" srcset=\"https:\/\/www.visitsamsoe.dk\/wp-content\/uploads\/2025\/09\/Vesborg-Fyr_Eva-Vestergaard-Andersen_beskaaret-300x211.jpg 300w, https:\/\/www.visitsamsoe.dk\/wp-content\/uploads\/2025\/09\/Vesborg-Fyr_Eva-Vestergaard-Andersen_beskaaret-600x421.jpg 600w\" sizes=\"(max-width: 300px) 100vw, 300px\" \/><\/a><br \/>\n<em>Illustrationerne i skattejagten \u2018P\u00e5 jagt efter Sams\u00f8s skatte\u2019 er lavet af kunstner Eva Vesterg\u00e5rd Andersen, Galleri Sydvest.<br \/>\n<\/em><\/p>\n<h3>Vind original illustration fra skattejagten<\/h3>\n<p>Illustrationerne i skattejagten \u2018B\u00e5l og Brand p\u00e5 Sams\u00f8\u2019 er lavet af den samske kunstner Eva Vesterg\u00e5rd Andersen. N\u00e5r du har gennemf\u00f8rt skattejagten og fundet kodeordet, har du mulighed for at deltage i lodtr\u00e6kningen om en af Eva Vesterg\u00e5rd Andersens originale illustrationer fra skattejagten \u2013 se hvordan bag p\u00e5 skattejagtsh\u00e6ftet.<\/p>\n<p>Der tr\u00e6kkes \u00e9n vinder \u00e5rligt. Vinderes tr\u00e6kkes i december og f\u00e5r direkte besked p\u00e5 email.<br \/>\nHar vi ikke h\u00f8rt fra vinderen den 3. januar tr\u00e6kkes en ny vinder.<br \/>\nPr\u00e6mien kan ikke ombyttes til kontanter eller andre varer.<\/p>\n<p>&nbsp;<\/p>\n<p><em>Skattejagten er udgivet af VisitSams\u00f8 med st\u00f8tte fra LAG LLS\u00c6.<br \/>\n<\/em><a href=\"https:\/\/www.visitsamsoe.dk\/wp-content\/uploads\/2015\/04\/LAG_foelgelogoer_1_dk.png\"><img decoding=\"async\" src=\"https:\/\/www.visitsamsoe.dk\/wp-content\/uploads\/2015\/04\/LAG_foelgelogoer_1_dk.png\" alt=\"\" width=\"287\" height=\"79\" class=\"alignnone wp-image-54176\" \/><\/a><\/p>\n<\/div>\n","protected":false},"excerpt":{"rendered":"<p>I tidens l\u00f8b er utallige skatte blevet begravet rundt om p\u00e5 Sams\u00f8 \u2013 og de fleste er aldrig blevet fundet igen. Med skattejagten &#8218;P\u00e5 jagt efter Sams\u00f8s skatte&#8216; kommer I rundt til nogle af de steder, hvor der if\u00f8lge \u00f8ens sagn og myter ligger skatte gemt \u2013 m\u00e5ske ligger de der endnu!<\/p>\n","protected":false},"author":18,"featured_media":57237,"parent":41795,"menu_order":0,"comment_status":"closed","ping_status":"closed","template":"","meta":{"footnotes":""},"class_list":["post-58035","page","type-page","status-publish","has-post-thumbnail","hentry"],"_links":{"self":[{"href":"https:\/\/www.visitsamsoe.dk\/de\/wp-json\/wp\/v2\/pages\/58035","targetHints":{"allow":["GET"]}}],"collection":[{"href":"https:\/\/www.visitsamsoe.dk\/de\/wp-json\/wp\/v2\/pages"}],"about":[{"href":"https:\/\/www.visitsamsoe.dk\/de\/wp-json\/wp\/v2\/types\/page"}],"author":[{"embeddable":true,"href":"https:\/\/www.visitsamsoe.dk\/de\/wp-json\/wp\/v2\/users\/18"}],"replies":[{"embeddable":true,"href":"https:\/\/www.visitsamsoe.dk\/de\/wp-json\/wp\/v2\/comments?post=58035"}],"version-history":[{"count":1,"href":"https:\/\/www.visitsamsoe.dk\/de\/wp-json\/wp\/v2\/pages\/58035\/revisions"}],"predecessor-version":[{"id":58036,"href":"https:\/\/www.visitsamsoe.dk\/de\/wp-json\/wp\/v2\/pages\/58035\/revisions\/58036"}],"up":[{"embeddable":true,"href":"https:\/\/www.visitsamsoe.dk\/de\/wp-json\/wp\/v2\/pages\/41795"}],"wp:featuredmedia":[{"embeddable":true,"href":"https:\/\/www.visitsamsoe.dk\/de\/wp-json\/wp\/v2\/media\/57237"}],"wp:attachment":[{"href":"https:\/\/www.visitsamsoe.dk\/de\/wp-json\/wp\/v2\/media?parent=58035"}],"curies":[{"name":"wp","href":"https:\/\/api.w.org\/{rel}","templated":true}]}}