{"id":53519,"date":"2024-05-16T09:04:30","date_gmt":"2024-05-16T07:04:30","guid":{"rendered":"https:\/\/www.visitsamsoe.dk\/?page_id=53519"},"modified":"2024-05-16T10:26:31","modified_gmt":"2024-05-16T08:26:31","slug":"schnitzeljagd-grusel-horror-kuerbisse","status":"publish","type":"page","link":"https:\/\/www.visitsamsoe.dk\/de\/schnitzeljagd\/schnitzeljagd-grusel-horror-kuerbisse\/","title":{"rendered":"Schnitzeljagd \u2013 Grusel, Horror &#038; K\u00fcrbisse"},"content":{"rendered":"<div class=\"entry_content clear\">\n<h2>Schnitzeljagd auf Sams\u00f8\u00a0 &#8211; Grusel, Horror &amp; K\u00fcrbisse<\/h2>\n<p>Auf Sams\u00f8 werden viele Legenden und Geschichten aus alten Zeiten erz\u00e4hlt.<a href=\"https:\/\/www.visitsamsoe.dk\/wp-content\/uploads\/2020\/09\/3564-1-scaled.jpg\"><img decoding=\"async\" src=\"https:\/\/www.visitsamsoe.dk\/wp-content\/uploads\/2020\/09\/3564-1-300x300.jpg\" alt=\"\" width=\"300\" height=\"300\" class=\"size-medium wp-image-41766 alignright\" srcset=\"https:\/\/www.visitsamsoe.dk\/wp-content\/uploads\/2020\/09\/3564-1-300x300.jpg 300w, https:\/\/www.visitsamsoe.dk\/wp-content\/uploads\/2020\/09\/3564-1-600x600.jpg 600w\" sizes=\"(max-width: 300px) 100vw, 300px\" \/><\/a><\/p>\n<p>Im Laufe der Jahre haben Menschen Kobolde, Hexen und Trolle getroffen. Heutzutage sieht man sie selten &#8211; aber sie sind da!<\/p>\n<p>Unternimm einen Ausflug \u00fcber die Insel zu den Orten, die von \u00fcbernat\u00fcrlichen Wesen und Menschen besucht wurden.<\/p>\n<p>Finde anhand der Hinweise heraus, wohin du gehen musst.<\/p>\n<p>Jeder Ort hat seine eigene unheimliche Geschichte. Sobald du den richtigen Ort gefunden hast, gibt es dort einen kleinen Stanzer, mit dem du die Nummern der einzelnen Stationen auf der letzten Seite deines Heftes ausstanzen musst.<\/p>\n<p>Sobald du die Schnitzeljagd abgeschlossen hast, kannst du die vollst\u00e4ndig ausgestanzte Seite bei VisitSams\u00f8 oder im Museum in Tranebjerg abgeben und eine Medaille erhalten.<\/p>\n<p>Kauf dein Heft hier&#8230; oder vor Ort bei VisitSams\u00f8 oder im Museum &#8211; wenn du dich traust! (Erh\u00e4ltlich im Oktober)<\/p>\n<\/div>\n","protected":false},"excerpt":{"rendered":"<p>Schnitzeljagd auf Sams\u00f8\u00a0 &#8211; Grusel, Horror &amp; K\u00fcrbisse Auf Sams\u00f8 werden viele Legenden und Geschichten aus alten Zeiten erz\u00e4hlt. Im Laufe der Jahre haben Menschen Kobolde, Hexen und Trolle getroffen. Heutzutage sieht man sie selten &#8211; aber sie sind da! Unternimm einen Ausflug \u00fcber die Insel zu den Orten, die von \u00fcbernat\u00fcrlichen Wesen und Menschen [&hellip;]<\/p>\n","protected":false},"author":18,"featured_media":44722,"parent":41795,"menu_order":0,"comment_status":"closed","ping_status":"closed","template":"","meta":{"footnotes":""},"class_list":["post-53519","page","type-page","status-publish","has-post-thumbnail","hentry"],"_links":{"self":[{"href":"https:\/\/www.visitsamsoe.dk\/de\/wp-json\/wp\/v2\/pages\/53519","targetHints":{"allow":["GET"]}}],"collection":[{"href":"https:\/\/www.visitsamsoe.dk\/de\/wp-json\/wp\/v2\/pages"}],"about":[{"href":"https:\/\/www.visitsamsoe.dk\/de\/wp-json\/wp\/v2\/types\/page"}],"author":[{"embeddable":true,"href":"https:\/\/www.visitsamsoe.dk\/de\/wp-json\/wp\/v2\/users\/18"}],"replies":[{"embeddable":true,"href":"https:\/\/www.visitsamsoe.dk\/de\/wp-json\/wp\/v2\/comments?post=53519"}],"version-history":[{"count":2,"href":"https:\/\/www.visitsamsoe.dk\/de\/wp-json\/wp\/v2\/pages\/53519\/revisions"}],"predecessor-version":[{"id":53527,"href":"https:\/\/www.visitsamsoe.dk\/de\/wp-json\/wp\/v2\/pages\/53519\/revisions\/53527"}],"up":[{"embeddable":true,"href":"https:\/\/www.visitsamsoe.dk\/de\/wp-json\/wp\/v2\/pages\/41795"}],"wp:featuredmedia":[{"embeddable":true,"href":"https:\/\/www.visitsamsoe.dk\/de\/wp-json\/wp\/v2\/media\/44722"}],"wp:attachment":[{"href":"https:\/\/www.visitsamsoe.dk\/de\/wp-json\/wp\/v2\/media?parent=53519"}],"curies":[{"name":"wp","href":"https:\/\/api.w.org\/{rel}","templated":true}]}}