{"id":49515,"date":"2023-06-07T11:09:27","date_gmt":"2023-06-07T09:09:27","guid":{"rendered":"https:\/\/www.visitsamsoe.dk\/?page_id=49515"},"modified":"2023-08-02T15:21:42","modified_gmt":"2023-08-02T13:21:42","slug":"schatzsuche","status":"publish","type":"page","link":"https:\/\/www.visitsamsoe.dk\/de\/schnitzeljagd\/schatzsuche\/","title":{"rendered":"INSEL-SCHATZSUCHE auf Sams\u00f8"},"content":{"rendered":"<div class=\"entry_content clear\">\n<h2>Herzlich willkommen bei der INSEL-SCHATZSUCHE<\/h2>\n<p>Sams\u00f8 steckt voller Erz\u00e4hlungen und besonderer Orte \u2013 mit dieser Insel-Schatzsuche kannst du einige von ihnen erleben.<\/p>\n<p>Unternimm einen Ausflug zu allen f\u00fcnf Posten auf der Insel und l\u00f6se die Aufgaben vor Ort, um eine Medaille zu bekommen!<\/p>\n<h3><strong>So geht\u00b4s:<\/strong><\/h3>\n<p>Um an der Insel-Schatzsuche teilzunehmen, m\u00fcssen Sie ein Schatzsuchheft kaufen, das Sie zu f\u00fcnf Orten auf der Insel f\u00fchrt. Das Heft kostet 25 DKK (einschlie\u00dflich der Medaille, die nach Abschluss der Schatzsuche ausgeh\u00e4ndigt wird). Ein Heft l\u00f6st eine Medaille aus.<\/p>\n<p>An jedem Posten m\u00fcssen drei Aufgaben gel\u00f6st werden. F\u00fcr jede richtige Antwort bekommt man einen Buchstaben und alle richtigen Buchstaben werden zu einem langen Wort zusammengef\u00fcgt. Wenn du alle Aufgaben gel\u00f6st und das L\u00f6sungswort gefunden hast, ist die Schatzsuche beendet.<\/p>\n<p>Im Heft kannst du auch eines der Sams\u00f8er Wahr-zeichen, den Nordbyer Glockenturm, bunt ausmalen und dein Sams\u00f8-Wissen beim Quiz testen.<\/p>\n<h3>Kaufen Sie hier die INSEL-SCHATZSUCHE<\/h3>\n<p>Sie k\u00f6nnen das Heft zur Inselschatzsuche kaufen und sich Ihre Medaille an mehreren Orten auf Sams\u00f8 liefern lassen:<\/p>\n<ul>\n<li><strong><a href=\"https:\/\/www.visitsamsoe.dk\/inspiration\/turistinformation\/\">VisitSams\u00f8<\/a><\/strong><br \/>\nAnton Rosens Plads 3<br \/>\nTranebjerg<\/li>\n<li><strong><a href=\"https:\/\/www.visitsamsoe.dk\/oplevelser\/samsoe-museum\/\">Sams\u00f8 Museum<\/a><\/strong><br \/>\n<span>Museumsvej 5<\/span><br \/>\nTranebjerg<\/li>\n<li><a href=\"https:\/\/www.visitsamsoe.dk\/oplevelser\/nordby-bibliotek\/\"><strong>Nordby Bibliotek<\/strong><\/a><br \/>\n<span>Nordby Hovedgade 27<br \/>\nNordby<\/span><\/li>\n<li><strong><a href=\"https:\/\/www.visitsamsoe.dk\/overnatning\/klitgaard-camping\/\" target=\"_blank\" rel=\"noopener\">Klitg\u00e5rd Camping<\/a><br \/>\n<\/strong>Klitg\u00e5rdsvej 7<br \/>\nNordby<\/li>\n<\/ul>\n<p>Viel Spa\u00df!<\/p>\n<p>Liebe Gr\u00fc\u00dfe<\/p>\n<p><a href=\"https:\/\/www.visitsamsoe.dk\/wp-content\/uploads\/2022\/05\/Visit-Samsoe-Nyt-logo-2015-sort-uden-web.png\"><img decoding=\"async\" src=\"https:\/\/www.visitsamsoe.dk\/wp-content\/uploads\/2022\/05\/Visit-Samsoe-Nyt-logo-2015-sort-uden-web-300x117.png\" alt=\"\" width=\"152\" height=\"59\" class=\"alignnone wp-image-46625\" srcset=\"https:\/\/www.visitsamsoe.dk\/wp-content\/uploads\/2022\/05\/Visit-Samsoe-Nyt-logo-2015-sort-uden-web-300x117.png 300w, https:\/\/www.visitsamsoe.dk\/wp-content\/uploads\/2022\/05\/Visit-Samsoe-Nyt-logo-2015-sort-uden-web-1024x398.png 1024w, https:\/\/www.visitsamsoe.dk\/wp-content\/uploads\/2022\/05\/Visit-Samsoe-Nyt-logo-2015-sort-uden-web-768x299.png 768w, https:\/\/www.visitsamsoe.dk\/wp-content\/uploads\/2022\/05\/Visit-Samsoe-Nyt-logo-2015-sort-uden-web-1536x597.png 1536w, https:\/\/www.visitsamsoe.dk\/wp-content\/uploads\/2022\/05\/Visit-Samsoe-Nyt-logo-2015-sort-uden-web-2048x796.png 2048w, https:\/\/www.visitsamsoe.dk\/wp-content\/uploads\/2022\/05\/Visit-Samsoe-Nyt-logo-2015-sort-uden-web-260x101.png 260w, https:\/\/www.visitsamsoe.dk\/wp-content\/uploads\/2022\/05\/Visit-Samsoe-Nyt-logo-2015-sort-uden-web-520x202.png 520w, https:\/\/www.visitsamsoe.dk\/wp-content\/uploads\/2022\/05\/Visit-Samsoe-Nyt-logo-2015-sort-uden-web-600x233.png 600w, https:\/\/www.visitsamsoe.dk\/wp-content\/uploads\/2022\/05\/Visit-Samsoe-Nyt-logo-2015-sort-uden-web-200x78.png 200w, https:\/\/www.visitsamsoe.dk\/wp-content\/uploads\/2022\/05\/Visit-Samsoe-Nyt-logo-2015-sort-uden-web-400x156.png 400w\" sizes=\"(max-width: 152px) 100vw, 152px\" \/><\/a><a href=\"https:\/\/www.visitsamsoe.dk\/wp-content\/uploads\/2022\/03\/Visit-Samsoe-Nyt-logo-2015-graa-uden-webadresse.png\"><\/a><\/p>\n<p><em>Teilt eure Bilder von der INSEL-SCHATZSUCHE mit dem Hashtag #inselschatzsuche<\/em><\/p>\n<p><a href=\"https:\/\/www.visitsamsoe.dk\/wp-content\/uploads\/2022\/05\/Efteraar_Samsoe_2021_Fotograf_Jeanette_Philipsen_64-scaled.jpg\"><\/a><a href=\"https:\/\/www.visitsamsoe.dk\/wp-content\/uploads\/2022\/06\/Samsoe1-scaled.jpg\"><img decoding=\"async\" src=\"https:\/\/www.visitsamsoe.dk\/wp-content\/uploads\/2022\/06\/Samsoe1-300x211.jpg\" alt=\"skattejagt sams\u00f8\" width=\"300\" height=\"211\" class=\"alignnone wp-image-47071 size-medium\" srcset=\"https:\/\/www.visitsamsoe.dk\/wp-content\/uploads\/2022\/06\/Samsoe1-300x211.jpg 300w, https:\/\/www.visitsamsoe.dk\/wp-content\/uploads\/2022\/06\/Samsoe1-600x422.jpg 600w\" sizes=\"(max-width: 300px) 100vw, 300px\" \/><\/a> \u00a0<a href=\"https:\/\/www.visitsamsoe.dk\/wp-content\/uploads\/2022\/06\/Samsoe2-scaled.jpg\"><img decoding=\"async\" src=\"https:\/\/www.visitsamsoe.dk\/wp-content\/uploads\/2022\/06\/Samsoe2-300x211.jpg\" alt=\"\" width=\"300\" height=\"211\" class=\"alignnone wp-image-47074 size-medium\" srcset=\"https:\/\/www.visitsamsoe.dk\/wp-content\/uploads\/2022\/06\/Samsoe2-300x211.jpg 300w, https:\/\/www.visitsamsoe.dk\/wp-content\/uploads\/2022\/06\/Samsoe2-600x423.jpg 600w\" sizes=\"(max-width: 300px) 100vw, 300px\" \/><\/a> \u00a0<a href=\"https:\/\/www.visitsamsoe.dk\/wp-content\/uploads\/2022\/06\/Samsoe4-scaled.jpg\"><img decoding=\"async\" src=\"https:\/\/www.visitsamsoe.dk\/wp-content\/uploads\/2022\/06\/Samsoe4-300x210.jpg\" alt=\"skattejagt sams\u00f8\" width=\"300\" height=\"210\" class=\"alignnone wp-image-47080 size-medium\" srcset=\"https:\/\/www.visitsamsoe.dk\/wp-content\/uploads\/2022\/06\/Samsoe4-300x210.jpg 300w, https:\/\/www.visitsamsoe.dk\/wp-content\/uploads\/2022\/06\/Samsoe4-600x421.jpg 600w\" sizes=\"(max-width: 300px) 100vw, 300px\" \/><\/a><\/p>\n<p><a href=\"https:\/\/www.visitsamsoe.dk\/wp-content\/uploads\/2022\/05\/Efteraar_Samsoe_2021_Fotograf_Jeanette_Philipsen_64-scaled.jpg\" target=\"_blank\" rel=\"noopener\"><\/a><em>Die Illustrationen in die INSEL-SCHATZSUCHE stammen K\u00fcnstlerin Silje Bruun, die in Langeland lebt.<\/em><\/p>\n<h3>Gehen Sie auf INSEL-SCHATZSUCHE auf f\u00fcnf d\u00e4nischen Inseln<\/h3>\n<p>Hat dir die Insel-Schatzsuche Spa\u00df gemacht? Auf diesen Inseln kannst du ebenfalls eine Insel-Schatzsuche machen: \u00c6r\u00f8, Fan\u00f8, L\u00e6s\u00f8 und Langeland.<\/p>\n<p><a href=\"https:\/\/www.visitaeroe.dk\/aeroe\/oplevelser\/oe-skattejagten-paa-aeroe\" target=\"_blank\" rel=\"noopener\"><img decoding=\"async\" src=\"https:\/\/www.visitsamsoe.dk\/wp-content\/uploads\/2022\/06\/1_1_aeroe-skattejagtYELLOW-200x200.jpg\" alt=\"\u00c6r\u00f8\" width=\"200\" height=\"200\" class=\"alignnone wp-image-47056 size-wtheme_inspiration_banner\" title=\"\u00c6r\u00f8\" srcset=\"https:\/\/www.visitsamsoe.dk\/wp-content\/uploads\/2022\/06\/1_1_aeroe-skattejagtYELLOW-200x200.jpg 200w, https:\/\/www.visitsamsoe.dk\/wp-content\/uploads\/2022\/06\/1_1_aeroe-skattejagtYELLOW-400x400.jpg 400w\" sizes=\"(max-width: 200px) 100vw, 200px\" \/><\/a>\u00a0 \u00a0 <a href=\"https:\/\/www.vadehavskysten.dk\/ribe-esbjerg-fanoe\/diverse\/skattejagt\" target=\"_blank\" rel=\"noopener\"><img decoding=\"async\" src=\"https:\/\/www.visitsamsoe.dk\/wp-content\/uploads\/2022\/06\/1_1_fanoe-skattejagtYELLOW-200x200.jpg\" alt=\"Fan\u00f8\" width=\"200\" height=\"200\" class=\"alignnone wp-image-47059 size-wtheme_inspiration_banner\" title=\"Fan\u00f8\" srcset=\"https:\/\/www.visitsamsoe.dk\/wp-content\/uploads\/2022\/06\/1_1_fanoe-skattejagtYELLOW-200x200.jpg 200w, https:\/\/www.visitsamsoe.dk\/wp-content\/uploads\/2022\/06\/1_1_fanoe-skattejagtYELLOW-400x400.jpg 400w\" sizes=\"(max-width: 200px) 100vw, 200px\" \/><\/a> \u00a0\u00a0 <a href=\"https:\/\/www.visitlaesoe.dk\/skattejagt\" target=\"_blank\" rel=\"noopener\"><img decoding=\"async\" src=\"https:\/\/www.visitsamsoe.dk\/wp-content\/uploads\/2022\/06\/1_1_laesoe-skattejagtYELLOW-200x200.jpg\" alt=\"L\u00e6s\u00f8\" width=\"200\" height=\"200\" class=\"alignnone wp-image-47062 size-wtheme_inspiration_banner\" title=\"L\u00e6s\u00f8\" srcset=\"https:\/\/www.visitsamsoe.dk\/wp-content\/uploads\/2022\/06\/1_1_laesoe-skattejagtYELLOW-200x200.jpg 200w, https:\/\/www.visitsamsoe.dk\/wp-content\/uploads\/2022\/06\/1_1_laesoe-skattejagtYELLOW-400x400.jpg 400w\" sizes=\"(max-width: 200px) 100vw, 200px\" \/><\/a> \u00a0\u00a0 <a href=\"https:\/\/www.langeland.dk\/langeland\/oplevelser\/oe-skattejagt\" target=\"_blank\" rel=\"noopener\"><img decoding=\"async\" src=\"https:\/\/www.visitsamsoe.dk\/wp-content\/uploads\/2022\/06\/1_1_langeland-skattejagtYELLOW-200x200.jpg\" alt=\"Langeland\" width=\"200\" height=\"200\" class=\"alignnone wp-image-47065 size-wtheme_inspiration_banner\" title=\"Langeland\" srcset=\"https:\/\/www.visitsamsoe.dk\/wp-content\/uploads\/2022\/06\/1_1_langeland-skattejagtYELLOW-200x200.jpg 200w, https:\/\/www.visitsamsoe.dk\/wp-content\/uploads\/2022\/06\/1_1_langeland-skattejagtYELLOW-400x400.jpg 400w\" sizes=\"(max-width: 200px) 100vw, 200px\" \/><\/a><\/p>\n<p>Die Insel-Schatzsuche ist Teil des Projekts <a href=\"https:\/\/www.oehigh5.dk\/\" target=\"_blank\" rel=\"noopener\">\u00d8high5<\/a>, das vom d\u00e4nischen Wirtschaftsf\u00f6rderverband unterst\u00fctzt wird.<\/p>\n<\/div>\n","protected":false},"excerpt":{"rendered":"<p>Herzlich willkommen bei der INSEL-SCHATZSUCHE Sams\u00f8 steckt voller Erz\u00e4hlungen und besonderer Orte \u2013 mit dieser Insel-Schatzsuche kannst du einige von ihnen erleben. Unternimm einen Ausflug zu allen f\u00fcnf Posten auf der Insel und l\u00f6se die Aufgaben vor Ort, um eine Medaille zu bekommen! So geht\u00b4s: Um an der Insel-Schatzsuche teilzunehmen, m\u00fcssen Sie ein Schatzsuchheft kaufen, [&hellip;]<\/p>\n","protected":false},"author":18,"featured_media":47098,"parent":41795,"menu_order":0,"comment_status":"closed","ping_status":"closed","template":"","meta":{"footnotes":""},"class_list":["post-49515","page","type-page","status-publish","has-post-thumbnail","hentry"],"_links":{"self":[{"href":"https:\/\/www.visitsamsoe.dk\/de\/wp-json\/wp\/v2\/pages\/49515","targetHints":{"allow":["GET"]}}],"collection":[{"href":"https:\/\/www.visitsamsoe.dk\/de\/wp-json\/wp\/v2\/pages"}],"about":[{"href":"https:\/\/www.visitsamsoe.dk\/de\/wp-json\/wp\/v2\/types\/page"}],"author":[{"embeddable":true,"href":"https:\/\/www.visitsamsoe.dk\/de\/wp-json\/wp\/v2\/users\/18"}],"replies":[{"embeddable":true,"href":"https:\/\/www.visitsamsoe.dk\/de\/wp-json\/wp\/v2\/comments?post=49515"}],"version-history":[{"count":9,"href":"https:\/\/www.visitsamsoe.dk\/de\/wp-json\/wp\/v2\/pages\/49515\/revisions"}],"predecessor-version":[{"id":50112,"href":"https:\/\/www.visitsamsoe.dk\/de\/wp-json\/wp\/v2\/pages\/49515\/revisions\/50112"}],"up":[{"embeddable":true,"href":"https:\/\/www.visitsamsoe.dk\/de\/wp-json\/wp\/v2\/pages\/41795"}],"wp:featuredmedia":[{"embeddable":true,"href":"https:\/\/www.visitsamsoe.dk\/de\/wp-json\/wp\/v2\/media\/47098"}],"wp:attachment":[{"href":"https:\/\/www.visitsamsoe.dk\/de\/wp-json\/wp\/v2\/media?parent=49515"}],"curies":[{"name":"wp","href":"https:\/\/api.w.org\/{rel}","templated":true}]}}