{"id":39648,"date":"2020-08-19T11:04:31","date_gmt":"2020-08-19T09:04:31","guid":{"rendered":"https:\/\/www.visitsamsoe.dk\/?page_id=39648"},"modified":"2020-08-19T11:04:31","modified_gmt":"2020-08-19T09:04:31","slug":"ueberblick-ueber-samsoes-schoene-orte","status":"publish","type":"page","link":"https:\/\/www.visitsamsoe.dk\/de\/ueberblick-ueber-samsoes-schoene-orte\/","title":{"rendered":"\u00dcberblick \u00fcber Sams\u00f8\u00b4s sch\u00f6ne Orte"},"content":{"rendered":"<div class=\"entry_content clear\">\n<p>Hier finden Sie einen guten \u00dcberblick \u00fcber all die Dinge, die Sie auf Sams\u00f8 erleben k\u00f6nnen. Restaurants, \u00dcbernachtungsm\u00f6glichkeiten, Shopping, Transport, Sehensw\u00fcrdigkeiten, Erlebnisse, Angelpl\u00e4tze <\/p>\n<\/div>\n","protected":false},"excerpt":{"rendered":"<p>Hier finden Sie einen guten \u00dcberblick \u00fcber all die Dinge, die Sie auf Sams\u00f8 erleben k\u00f6nnen. Restaurants, \u00dcbernachtungsm\u00f6glichkeiten, Shopping, Transport, Sehensw\u00fcrdigkeiten, Erlebnisse, Angelpl\u00e4tze<\/p>\n","protected":false},"author":1,"featured_media":35745,"parent":0,"menu_order":0,"comment_status":"closed","ping_status":"closed","template":"page-templates\/master-map.php","meta":{"footnotes":""},"class_list":["post-39648","page","type-page","status-publish","has-post-thumbnail","hentry"],"_links":{"self":[{"href":"https:\/\/www.visitsamsoe.dk\/de\/wp-json\/wp\/v2\/pages\/39648","targetHints":{"allow":["GET"]}}],"collection":[{"href":"https:\/\/www.visitsamsoe.dk\/de\/wp-json\/wp\/v2\/pages"}],"about":[{"href":"https:\/\/www.visitsamsoe.dk\/de\/wp-json\/wp\/v2\/types\/page"}],"author":[{"embeddable":true,"href":"https:\/\/www.visitsamsoe.dk\/de\/wp-json\/wp\/v2\/users\/1"}],"replies":[{"embeddable":true,"href":"https:\/\/www.visitsamsoe.dk\/de\/wp-json\/wp\/v2\/comments?post=39648"}],"version-history":[{"count":1,"href":"https:\/\/www.visitsamsoe.dk\/de\/wp-json\/wp\/v2\/pages\/39648\/revisions"}],"predecessor-version":[{"id":39649,"href":"https:\/\/www.visitsamsoe.dk\/de\/wp-json\/wp\/v2\/pages\/39648\/revisions\/39649"}],"wp:featuredmedia":[{"embeddable":true,"href":"https:\/\/www.visitsamsoe.dk\/de\/wp-json\/wp\/v2\/media\/35745"}],"wp:attachment":[{"href":"https:\/\/www.visitsamsoe.dk\/de\/wp-json\/wp\/v2\/media?parent=39648"}],"curies":[{"name":"wp","href":"https:\/\/api.w.org\/{rel}","templated":true}]}}